{"id":506,"date":"2025-03-25T18:58:44","date_gmt":"2025-03-25T10:58:44","guid":{"rendered":"https:\/\/uwin-vape.com\/product\/uwin-crystal-twins-40000-puffs-vape-review-flavor-guide-wholesale-price-xvb9e355aaba-1083-491c-96ec-a46dac5c3b53\/"},"modified":"2025-10-21T18:51:29","modified_gmt":"2025-10-21T10:51:29","slug":"uwin-crystal-twins-40000-puffs-vape-review-flavor-guide-wholesale-price-xvb9e355aaba-1083-491c-96ec-a46dac5c3b53","status":"publish","type":"product","link":"https:\/\/uwin-vape.com\/pl\/produkt\/uwin-crystal-twins-40000-puffs-vape-review-flavor-guide-wholesale-price-xvb9e355aaba-1083-491c-96ec-a46dac5c3b53\/","title":{"rendered":"Uwin Crystal Twins 40000 Puffs"},"content":{"rendered":"<p><strong>Odkryj podw\u00f3jny smak Vape Uwin Crystal Twins 40000 Puffs<\/strong><\/p>\n<p><a href=\"https:\/\/uwin-shop.com\/wp-content\/uploads\/2025\/05\/%E7%BD%91%E7%AB%99-Banner-3.jpg\"><img loading=\"lazy\" decoding=\"async\" class=\"alignnone size-medium wp-image-1807\" src=\"https:\/\/uwin-shop.com\/wp-content\/uploads\/2025\/05\/%E7%BD%91%E7%AB%99-Banner-3-800x273.jpg\" sizes=\"auto, (max-width: 800px) 100vw, 800px\" srcset=\"https:\/\/uwin-shop.com\/wp-content\/uploads\/2025\/05\/\u7f51\u7ad9-Banner-3-800x273.jpg 800w, https:\/\/uwin-shop.com\/wp-content\/uploads\/2025\/05\/\u7f51\u7ad9-Banner-3-1400x478.jpg 1400w, https:\/\/uwin-shop.com\/wp-content\/uploads\/2025\/05\/\u7f51\u7ad9-Banner-3-768x262.jpg 768w, https:\/\/uwin-shop.com\/wp-content\/uploads\/2025\/05\/\u7f51\u7ad9-Banner-3-1536x525.jpg 1536w, https:\/\/uwin-shop.com\/wp-content\/uploads\/2025\/05\/\u7f51\u7ad9-Banner-3-2048x700.jpg 2048w, https:\/\/uwin-shop.com\/wp-content\/uploads\/2025\/05\/\u7f51\u7ad9-Banner-3-18x6.jpg 18w, https:\/\/uwin-shop.com\/wp-content\/uploads\/2025\/05\/\u7f51\u7ad9-Banner-3-60x21.jpg 60w\" alt=\"\" width=\"800\" height=\"273\" \/><\/a><\/p>\n<section class=\"relative\">\n<h2><strong>Niezr\u00f3wnana wszechstronno\u015b\u0107 w waporyzacji<\/strong><\/h2>\n<p>Przedstawiamy\u00a0<strong>Uwin Crystal Twins 40000 Puffs<\/strong>najnowocze\u015bniejszy jednorazowy i \u0142adowalny waporyzator o dw\u00f3ch smakach. Dzi\u0119ki temu innowacyjnemu urz\u0105dzeniu mo\u017cesz cieszy\u0107 si\u0119 nawet\u00a0<strong>40 000 zaci\u0105gni\u0119\u0107<\/strong>\u00a0o dw\u00f3ch r\u00f3\u017cnych smakach, dzi\u0119ki czemu ka\u017cda sesja waporyzacji jest wspania\u0142ym do\u015bwiadczeniem. Waporyzator ten wyr\u00f3\u017cnia si\u0119 imponuj\u0105cymi funkcjami, zaprojektowanymi z my\u015bl\u0105 zar\u00f3wno o wygodzie, jak i wydajno\u015bci.<\/p>\n<h2><strong>Kluczowe specyfikacje Uwin Crystal Twins<\/strong><\/h2>\n<p><a href=\"https:\/\/uwin-shop.com\/wp-content\/uploads\/2025\/05\/%E6%B5%B7%E6%8A%A5%E6%A8%AA%E5%B9%85.jpg\"><img loading=\"lazy\" decoding=\"async\" class=\"alignnone size-medium wp-image-1802\" src=\"https:\/\/uwin-shop.com\/wp-content\/uploads\/2025\/05\/%E6%B5%B7%E6%8A%A5%E6%A8%AA%E5%B9%85-800x400.jpg\" sizes=\"auto, (max-width: 800px) 100vw, 800px\" srcset=\"https:\/\/uwin-shop.com\/wp-content\/uploads\/2025\/05\/\u6d77\u62a5\u6a2a\u5e45-800x400.jpg 800w, https:\/\/uwin-shop.com\/wp-content\/uploads\/2025\/05\/\u6d77\u62a5\u6a2a\u5e45-1400x700.jpg 1400w, https:\/\/uwin-shop.com\/wp-content\/uploads\/2025\/05\/\u6d77\u62a5\u6a2a\u5e45-768x384.jpg 768w, https:\/\/uwin-shop.com\/wp-content\/uploads\/2025\/05\/\u6d77\u62a5\u6a2a\u5e45-1536x768.jpg 1536w, https:\/\/uwin-shop.com\/wp-content\/uploads\/2025\/05\/\u6d77\u62a5\u6a2a\u5e45-2048x1024.jpg 2048w, https:\/\/uwin-shop.com\/wp-content\/uploads\/2025\/05\/\u6d77\u62a5\u6a2a\u5e45-18x9.jpg 18w, https:\/\/uwin-shop.com\/wp-content\/uploads\/2025\/05\/\u6d77\u62a5\u6a2a\u5e45-60x30.jpg 60w\" alt=\"\" width=\"800\" height=\"400\" \/><\/a><\/p>\n<h3><strong>\ud83d\udee2\ufe0fHigh Pojemno\u015b\u0107 E-Liquid<\/strong><\/h3>\n<p>Zestaw Uwin Crystal Twins jest fabrycznie wype\u0142niony\u00a0<strong>32 ml e-liquidu<\/strong>. Ta znaczna pojemno\u015b\u0107 pozwala cieszy\u0107 si\u0119 nawet\u00a0<strong>40 000 zaci\u0105gni\u0119\u0107<\/strong>\u00a0bez konieczno\u015bci cz\u0119stego uzupe\u0142niania. Mo\u017cesz waporyzowa\u0107 d\u0142u\u017cej i cieszy\u0107 si\u0119 wi\u0119cej bez przerwy, dzi\u0119ki czemu jest to idealne rozwi\u0105zanie dla tych, kt\u00f3rzy chc\u0105 delektowa\u0107 si\u0119 swoimi doznaniami.<\/p>\n<h3><strong>Wydajna bateria wielokrotnego \u0142adowania<\/strong><\/h3>\n<p>Wyposa\u017cony w\u00a0<strong>650 mAh,<\/strong>\u00a0To urz\u0105dzenie zapewnia wystarczaj\u0105c\u0105 moc do d\u0142ugotrwa\u0142ego u\u017cytkowania. W zestawie\u00a0<strong>Z\u0142\u0105cze \u0142adowania typu C<\/strong>\u00a0zapewnia szybkie \u0142adowanie, umo\u017cliwiaj\u0105c szybkie na\u0142adowanie urz\u0105dzenia i powr\u00f3t do cieszenia si\u0119 waporyzacj\u0105. Ta funkcja sprawia, \u017ce Uwin Crystal Twins jest niezawodnym wyborem dla u\u017cytkownik\u00f3w w podr\u00f3\u017cy.<\/p>\n<h2><strong>Podw\u00f3jne doznania smakowe<\/strong><\/h2>\n<p><a href=\"https:\/\/uwin-shop.com\/wp-content\/uploads\/2025\/05\/%E7%BD%91%E7%AB%99-Banner-2-1.jpg\"><img loading=\"lazy\" decoding=\"async\" class=\"alignnone size-medium wp-image-1809\" src=\"https:\/\/uwin-shop.com\/wp-content\/uploads\/2025\/05\/%E7%BD%91%E7%AB%99-Banner-2-1-800x273.jpg\" sizes=\"auto, (max-width: 800px) 100vw, 800px\" srcset=\"https:\/\/uwin-shop.com\/wp-content\/uploads\/2025\/05\/\u7f51\u7ad9-Banner-2-1-800x273.jpg 800w, https:\/\/uwin-shop.com\/wp-content\/uploads\/2025\/05\/\u7f51\u7ad9-Banner-2-1-1400x478.jpg 1400w, https:\/\/uwin-shop.com\/wp-content\/uploads\/2025\/05\/\u7f51\u7ad9-Banner-2-1-768x262.jpg 768w, https:\/\/uwin-shop.com\/wp-content\/uploads\/2025\/05\/\u7f51\u7ad9-Banner-2-1-1536x525.jpg 1536w, https:\/\/uwin-shop.com\/wp-content\/uploads\/2025\/05\/\u7f51\u7ad9-Banner-2-1-2048x700.jpg 2048w, https:\/\/uwin-shop.com\/wp-content\/uploads\/2025\/05\/\u7f51\u7ad9-Banner-2-1-18x6.jpg 18w, https:\/\/uwin-shop.com\/wp-content\/uploads\/2025\/05\/\u7f51\u7ad9-Banner-2-1-60x21.jpg 60w\" alt=\"\" width=\"800\" height=\"273\" \/><\/a><\/p>\n<p>System podw\u00f3jnych zbiornik\u00f3w pozwala na r\u00f3\u017cne kombinacje smak\u00f3w, zwi\u0119kszaj\u0105c wra\u017cenia z waporyzacji. Mo\u017cesz bez wysi\u0142ku prze\u0142\u0105cza\u0107 si\u0119 mi\u0119dzy dwoma smakami, z \u0142atwo\u015bci\u0105 zaspokajaj\u0105c r\u00f3\u017cne preferencje smakowe. Ta wszechstronno\u015b\u0107 jest znacz\u0105c\u0105 zalet\u0105 dla waper\u00f3w, kt\u00f3rzy uwielbiaj\u0105 odkrywa\u0107 nowe smaki.<\/p>\n<p><strong>\ud83e\uddca\ud83c\udf53 1. Dwa smaki w jednym, prze\u0142\u0105czaj wed\u0142ug uznania<\/strong><br \/>\nPrze\u0142am tradycyjne do\u015bwiadczenie jednego smaku. Ka\u017cdy z nich ma dwa niezale\u017cne smaki, co pozwala na \u0142atw\u0105 zmian\u0119. Mo\u017cesz zmieni\u0107 to, co chcesz pali\u0107 w dowolnym momencie, bez konieczno\u015bci noszenia dw\u00f3ch urz\u0105dze\u0144 podczas wychodzenia z domu.<\/p>\n<p>Jedno urz\u0105dzenie = przyjemno\u015b\u0107 z dw\u00f3ch e-papieros\u00f3w<\/p>\n<p><strong>\ud83c\udf08 2. Oddzielny zbiornik oleju, czysty smak bez smak\u00f3w krzy\u017cowych<\/strong><br \/>\nZastosowano w nim podw\u00f3jny, niezale\u017cny system przechowywania oleju, aby zapewni\u0107, \u017ce ka\u017cdy smak jest prezentowany wy\u0142\u0105cznie bez mieszania, zachowuj\u0105c wysoki stopie\u0144 odtworzenia i warstwowo\u015bci smaku.<\/p>\n<p>Z orze\u017awiaj\u0105cymi owocami po lewej stronie i lodowatymi emocjami po prawej, ka\u017cda z nich ma sw\u00f3j niepowtarzalny urok<\/p>\n<p><strong>\ud83d\udca8 3. Wiele kombinacji, tysi\u0105ce wariant\u00f3w nie takich samych<\/strong><br \/>\nR\u00f3\u017cne popularne smaki s\u0105 \u0142\u0105czone, obejmuj\u0105c popularne smaki owocowe, takie jak owoce i napoje funkcjonalne, aby stworzy\u0107 w\u0142asn\u0105 unikaln\u0105 kombinacj\u0119 dw\u00f3ch smak\u00f3w.<\/p>\n<p>Rzadkie kombinacje smakowe dost\u0119pne na rynku w celu zaspokojenia spersonalizowanych potrzeb i przyci\u0105gni\u0119cia sta\u0142ych klient\u00f3w.<\/p>\n<p><strong>\ud83d\udd0b 4. Jedna maszyna, dwa smaki = wy\u017csza wydajno\u015b\u0107 kosztowa<\/strong><br \/>\nJedno urz\u0105dzenie, dwa smaki, 40 000 k\u0119s\u00f3w ultra-d\u0142ugiej \u017cywotno\u015bci baterii, co pozwala do\u015bwiadczy\u0107 wi\u0119cej wariant\u00f3w smakowych przy ni\u017cszych kosztach.<\/p>\n<p>\ud83d\udc49 Bardziej odporne na rysowanie, ta\u0144sze i bardziej zabawne<\/p>\n<h2><strong>Ulepszona technologia waporyzacji<\/strong><\/h2>\n<p><a href=\"https:\/\/uwin-shop.com\/wp-content\/uploads\/2025\/05\/AA%E5%8D%95%E5%93%81%E6%B5%B7%E6%8A%A5-3.jpg\"><img loading=\"lazy\" decoding=\"async\" class=\"alignnone size-medium wp-image-1798\" src=\"https:\/\/uwin-shop.com\/wp-content\/uploads\/2025\/05\/AA%E5%8D%95%E5%93%81%E6%B5%B7%E6%8A%A5-3-400x400.jpg\" sizes=\"auto, (max-width: 400px) 100vw, 400px\" srcset=\"https:\/\/uwin-shop.com\/wp-content\/uploads\/2025\/05\/AA\u5355\u54c1\u6d77\u62a5-3-400x400.jpg 400w, https:\/\/uwin-shop.com\/wp-content\/uploads\/2025\/05\/AA\u5355\u54c1\u6d77\u62a5-3-800x800.jpg 800w, https:\/\/uwin-shop.com\/wp-content\/uploads\/2025\/05\/AA\u5355\u54c1\u6d77\u62a5-3-280x280.jpg 280w, https:\/\/uwin-shop.com\/wp-content\/uploads\/2025\/05\/AA\u5355\u54c1\u6d77\u62a5-3-768x768.jpg 768w, https:\/\/uwin-shop.com\/wp-content\/uploads\/2025\/05\/AA\u5355\u54c1\u6d77\u62a5-3-12x12.jpg 12w, https:\/\/uwin-shop.com\/wp-content\/uploads\/2025\/05\/AA\u5355\u54c1\u6d77\u62a5-3-60x60.jpg 60w, https:\/\/uwin-shop.com\/wp-content\/uploads\/2025\/05\/AA\u5355\u54c1\u6d77\u62a5-3-100x100.jpg 100w, https:\/\/uwin-shop.com\/wp-content\/uploads\/2025\/05\/AA\u5355\u54c1\u6d77\u62a5-3.jpg 1200w\" alt=\"\" width=\"400\" height=\"400\" \/><\/a><\/p>\n<h2><strong>\u2699\ufe0fAdvanced Mesh Coil<\/strong><\/h2>\n<p>Uwin Crystal Twins posiada\u00a0<strong>Cewka o oczkach 0,6\u03a9*2<\/strong>. Ta zaawansowana technologia gwarantuje p\u0142ynn\u0105 i niezawodn\u0105 waporyzacj\u0119 przy ka\u017cdym zaci\u0105gni\u0119ciu. Ciesz si\u0119 bogatym smakiem i satysfakcjonuj\u0105c\u0105 produkcj\u0105 pary, dzi\u0119ki czemu jest idealny zar\u00f3wno dla nowych, jak i do\u015bwiadczonych waper\u00f3w.<\/p>\n<h3><strong>Opcje nikotynowe<\/strong><\/h3>\n<p>U\u017cytkownicy mog\u0105 wybra\u0107 preferowany poziom nikotyny spo\u015br\u00f3d\u00a0<strong>2%<\/strong>\u00a0oraz\u00a0<strong>5%<\/strong>. Ta elastyczno\u015b\u0107 umo\u017cliwia dostosowanie wra\u017ce\u0144 z waporyzacji, zapewniaj\u0105c satysfakcj\u0119 bez przyt\u0142aczaj\u0105cej intensywno\u015bci. Dostosowanie poziomu nikotyny do w\u0142asnych upodoba\u0144 zwi\u0119ksza og\u00f3ln\u0105 przyjemno\u015b\u0107.<\/p>\n<p>2% (lekka nikotyna)<br \/>\n\u2705<strong>\u00a0Delikatne stukni\u0119cie w gard\u0142o<\/strong>mi\u0119kki, ale nie za twardy<\/p>\n<p>\u2705 jest odpowiedni dla u\u017cytkownik\u00f3w, kt\u00f3rzy dopiero zaczynaj\u0105 korzysta\u0107 z e-papieros\u00f3w lub przechodz\u0105 na wysokie st\u0119\u017cenia.<\/p>\n<p>Zr\u00f3wnowa\u017cony smak z \u0142agodn\u0105 satysfakcj\u0105<\/p>\n<p>5% (nikotyna o wysokim st\u0119\u017ceniu)<br \/>\n\u2705\u00a0<strong>Silne uczucie uderzenia w gard\u0142o, satysfakcjonuj\u0105ce ci\u0119\u017ckich palaczy<\/strong><\/p>\n<p>\u2705 jest bardziej stymuluj\u0105cy ni\u017c tradycyjne papierosy<\/p>\n<p>\u2705 jest zalecany dla os\u00f3b z do\u015bwiadczeniem, ale pocz\u0105tkuj\u0105cy powinni u\u017cywa\u0107 go ostro\u017cnie<\/p>\n<p><strong>Ciep\u0142e przypomnienie:<\/strong><br \/>\nWyb\u00f3r odpowiedniego st\u0119\u017cenia nikotyny jest bardzo wa\u017cny: pocz\u0105tkuj\u0105cym zaleca si\u0119 rozpocz\u0119cie od 2%<\/p>\n<h2><strong>Inteligentny wy\u015bwietlacz i kontrola przep\u0142ywu powietrza<\/strong><\/h2>\n<p><a href=\"https:\/\/uwin-shop.com\/wp-content\/uploads\/2025\/05\/AA%E5%8D%95%E5%93%81%E6%B5%B7%E6%8A%A5.jpg\"><img loading=\"lazy\" decoding=\"async\" class=\"alignnone size-medium wp-image-1800\" src=\"https:\/\/uwin-shop.com\/wp-content\/uploads\/2025\/05\/AA%E5%8D%95%E5%93%81%E6%B5%B7%E6%8A%A5-400x400.jpg\" sizes=\"auto, (max-width: 400px) 100vw, 400px\" srcset=\"https:\/\/uwin-shop.com\/wp-content\/uploads\/2025\/05\/AA\u5355\u54c1\u6d77\u62a5-400x400.jpg 400w, https:\/\/uwin-shop.com\/wp-content\/uploads\/2025\/05\/AA\u5355\u54c1\u6d77\u62a5-800x800.jpg 800w, https:\/\/uwin-shop.com\/wp-content\/uploads\/2025\/05\/AA\u5355\u54c1\u6d77\u62a5-280x280.jpg 280w, https:\/\/uwin-shop.com\/wp-content\/uploads\/2025\/05\/AA\u5355\u54c1\u6d77\u62a5-768x768.jpg 768w, https:\/\/uwin-shop.com\/wp-content\/uploads\/2025\/05\/AA\u5355\u54c1\u6d77\u62a5-12x12.jpg 12w, https:\/\/uwin-shop.com\/wp-content\/uploads\/2025\/05\/AA\u5355\u54c1\u6d77\u62a5-60x60.jpg 60w, https:\/\/uwin-shop.com\/wp-content\/uploads\/2025\/05\/AA\u5355\u54c1\u6d77\u62a5-100x100.jpg 100w, https:\/\/uwin-shop.com\/wp-content\/uploads\/2025\/05\/AA\u5355\u54c1\u6d77\u62a5.jpg 1200w\" alt=\"\" width=\"400\" height=\"400\" \/><\/a><\/p>\n<p><strong>Monitorowanie w czasie rzeczywistym<\/strong><\/p>\n<p>Wbudowany inteligentny wy\u015bwietlacz pokazuje \u017cywotno\u015b\u0107 baterii i liczb\u0119 zaci\u0105gni\u0119\u0107 w czasie rzeczywistym. Funkcja ta informuje u\u017cytkownika o zu\u017cyciu baterii, dzi\u0119ki czemu mo\u017ce on efektywnie zarz\u0105dza\u0107 sesjami waporyzacji. Wiedza o liczbie pozosta\u0142ych zaci\u0105gni\u0119\u0107 mo\u017ce pom\u00f3c w lepszym zaplanowaniu dnia.<\/p>\n<p><strong>Regulowany przep\u0142yw powietrza<\/strong><\/p>\n<p>System kontroli przep\u0142ywu powietrza umo\u017cliwia dostosowanie wra\u017ce\u0144 z waporyzacji do w\u0142asnych upodoba\u0144. Niezale\u017cnie od tego, czy wolisz mocniejsze zaci\u0105gni\u0119cie, czy bardziej przewiewne zaci\u0105gni\u0119cie, Uwin Crystal Twins dostosowuje si\u0119 do twoich preferencji, zapewniaj\u0105c spersonalizowane wra\u017cenia.<\/p>\n<h2><strong>Projekt przyjazny dla u\u017cytkownika | UWIN, naprawd\u0119 my\u015bl\u0105cy o ka\u017cdym szczeg\u00f3le dla u\u017cytkownika.<\/strong><\/h2>\n<p><a href=\"https:\/\/uwin-shop.com\/wp-content\/uploads\/2025\/05\/40K%E6%B5%B7%E6%8A%A5.jpg\"><img loading=\"lazy\" decoding=\"async\" class=\"alignnone size-medium wp-image-1795\" src=\"https:\/\/uwin-shop.com\/wp-content\/uploads\/2025\/05\/40K%E6%B5%B7%E6%8A%A5-600x400.jpg\" sizes=\"auto, (max-width: 600px) 100vw, 600px\" srcset=\"https:\/\/uwin-shop.com\/wp-content\/uploads\/2025\/05\/40K\u6d77\u62a5-600x400.jpg 600w, https:\/\/uwin-shop.com\/wp-content\/uploads\/2025\/05\/40K\u6d77\u62a5-1200x800.jpg 1200w, https:\/\/uwin-shop.com\/wp-content\/uploads\/2025\/05\/40K\u6d77\u62a5-768x512.jpg 768w, https:\/\/uwin-shop.com\/wp-content\/uploads\/2025\/05\/40K\u6d77\u62a5-1536x1024.jpg 1536w, https:\/\/uwin-shop.com\/wp-content\/uploads\/2025\/05\/40K\u6d77\u62a5-18x12.jpg 18w, https:\/\/uwin-shop.com\/wp-content\/uploads\/2025\/05\/40K\u6d77\u62a5-60x40.jpg 60w, https:\/\/uwin-shop.com\/wp-content\/uploads\/2025\/05\/40K\u6d77\u62a5-800x533.jpg 800w, https:\/\/uwin-shop.com\/wp-content\/uploads\/2025\/05\/40K\u6d77\u62a5.jpg 1800w\" alt=\"\" width=\"600\" height=\"400\" \/><\/a><\/p>\n<p>Uwin Crystal Twins 40000 jest niezwykle \u0142atwa w u\u017cyciu dzi\u0119ki swoim\u00a0<strong>Mechanizm uruchamiany przez naci\u015bni\u0119cie<\/strong>. Ta funkcja sprawia, \u017ce jest on idealny zar\u00f3wno dla pocz\u0105tkuj\u0105cych, jak i do\u015bwiadczonych waper\u00f3w. Wystarczy wykona\u0107 wdech, aby aktywowa\u0107 urz\u0105dzenie, dzi\u0119ki czemu jest ono intuicyjne i bezproblemowe.<\/p>\n<p><strong>Inteligentny wy\u015bwietlacz, informacje na pierwszy rzut oka<\/strong><br \/>\nWyposa\u017cony w inteligentny ekran LED do wy\u015bwietlania w czasie rzeczywistym:<\/p>\n<p>Pojemno\u015b\u0107 baterii<\/p>\n<p>Resztki e-liquidu<\/p>\n<p>Po\u017cegnanie z\u00a0<strong>\"l\u0119k przed zasysaniem na \u015blepo\"<\/strong>\u00a0i bierz ka\u017cdy \u0142yk ze spokojem.<\/p>\n<p><strong>Interfejs szybkiego \u0142adowania typu C<\/strong><br \/>\nStandardowo wyposa\u017cony w\u00a0<strong>Typ-C<\/strong>\u00a0Interfejs \u0142aduje si\u0119 szybciej i wygodniej. Mo\u017ce szybko na\u0142adowa\u0107 si\u0119 w ci\u0105gu 30 minut i mo\u017cesz wyruszy\u0107 w dowolnym momencie bez \u017cadnej presji.<\/p>\n<p><strong>Konstrukcja zapewniaj\u0105ca cich\u0105 atomizacj\u0119<\/strong><br \/>\nRdze\u0144 z siatki nowej generacji i zoptymalizowana struktura przep\u0142ywu powietrza\u00a0<strong>redukcja ha\u0142asu i zak\u0142\u00f3ce\u0144 przep\u0142ywu powietrza<\/strong>Dzi\u0119ki temu proces palenia jest cichszy i bardziej komfortowy, a tak\u017ce nadaje si\u0119 do r\u00f3\u017cnych scenariuszy.<\/p>\n<p><strong>\ud83e\uddca modernizacja szczelnej struktury<\/strong><br \/>\nDzi\u0119ki zastosowaniu wielu technologii zapobiegaj\u0105cych wyciekom oleju i niezale\u017cnej konstrukcji zbiornika oleju, skutecznie zapobiega wyciekom e-liquidu, dzi\u0119ki czemu jest bardziej niezawodny.\u00a0<strong>\u0142atwiejsze przenoszenie i bezproblemowe u\u017cytkowanie.<\/strong><\/p>\n<p><strong>Ergonomiczny uchwyt<\/strong><br \/>\nSeria UWIN Crystal charakteryzuje si\u0119 zaokr\u0105glonymi naro\u017cnikami i lekk\u0105 obudow\u0105. To\u00a0<strong>Dopasowuje si\u0119 do d\u0142oni, zapewnia wygodny chwyt i jest odpowiedni zar\u00f3wno dla m\u0119\u017cczyzn, jak i kobiet,<\/strong>\u00a0zapewniaj\u0105cy odpowiedni chwyt za ka\u017cdym razem.<\/p>\n<h2><strong>Dlaczego warto wybra\u0107 Uwin Crystal Twins 40000 Puffs?<\/strong><\/h2>\n<p><a href=\"https:\/\/uwin-shop.com\/wp-content\/uploads\/2025\/05\/%E7%8E%B0%E8%B4%A7%E6%B5%B7%E6%8A%A5.jpg\"><img loading=\"lazy\" decoding=\"async\" class=\"alignnone size-medium wp-image-1808\" src=\"https:\/\/uwin-shop.com\/wp-content\/uploads\/2025\/05\/%E7%8E%B0%E8%B4%A7%E6%B5%B7%E6%8A%A5-400x400.jpg\" sizes=\"auto, (max-width: 400px) 100vw, 400px\" srcset=\"https:\/\/uwin-shop.com\/wp-content\/uploads\/2025\/05\/\u73b0\u8d27\u6d77\u62a5-400x400.jpg 400w, https:\/\/uwin-shop.com\/wp-content\/uploads\/2025\/05\/\u73b0\u8d27\u6d77\u62a5-800x800.jpg 800w, https:\/\/uwin-shop.com\/wp-content\/uploads\/2025\/05\/\u73b0\u8d27\u6d77\u62a5-280x280.jpg 280w, https:\/\/uwin-shop.com\/wp-content\/uploads\/2025\/05\/\u73b0\u8d27\u6d77\u62a5-768x768.jpg 768w, https:\/\/uwin-shop.com\/wp-content\/uploads\/2025\/05\/\u73b0\u8d27\u6d77\u62a5-12x12.jpg 12w, https:\/\/uwin-shop.com\/wp-content\/uploads\/2025\/05\/\u73b0\u8d27\u6d77\u62a5-60x60.jpg 60w, https:\/\/uwin-shop.com\/wp-content\/uploads\/2025\/05\/\u73b0\u8d27\u6d77\u62a5-100x100.jpg 100w, https:\/\/uwin-shop.com\/wp-content\/uploads\/2025\/05\/\u73b0\u8d27\u6d77\u62a5.jpg 1200w\" alt=\"\" width=\"400\" height=\"400\" \/><\/a><\/p>\n<h3><strong>Idealny dla wymagaj\u0105cych vaper\u00f3w<\/strong><\/h3>\n<p>To urz\u0105dzenie jest fantastyczn\u0105 opcj\u0105 dla tych, kt\u00f3rzy szukaj\u0105 wygody i wydajno\u015bci. Dzi\u0119ki szerokiej gamie smak\u00f3w i innowacyjnej konstrukcji, Uwin Crystal Twins zaspokaja preferencje wymagaj\u0105cych waper\u00f3w, zapewniaj\u0105c, \u017ce ka\u017cdy znajdzie co\u015b, co pokocha.<\/p>\n<h3><strong>Idealny do sprzeda\u017cy hurtowej<\/strong><\/h3>\n<p>Je\u015bli jeste\u015b sprzedawc\u0105 detalicznym lub dystrybutorem, Uwin Crystal Twins to \u015bwietny dodatek do twoich zapas\u00f3w. Jego wysoka liczba puff\u00f3w, r\u00f3\u017cnorodne opcje smakowe i konkurencyjne\u00a0<strong>cena<\/strong>\u00a0sprawiaj\u0105, \u017ce jest to atrakcyjny produkt dla klient\u00f3w. Ten vape z pewno\u015bci\u0105 zaspokoi rosn\u0105ce zapotrzebowanie na wysokiej jako\u015bci jednorazowe vape.<\/p>\n<h3><strong>Doskona\u0142e recenzje i wydajno\u015b\u0107<\/strong><\/h3>\n<p>Bli\u017ani\u0119ta Uwin Crystal zebra\u0142y pozytywne opinie\u00a0<strong>recenzje<\/strong>\u00a0od u\u017cytkownik\u00f3w, kt\u00f3rzy doceniaj\u0105 jego wydajno\u015b\u0107 i wszechstronno\u015b\u0107. Po\u0142\u0105czenie zaawansowanych funkcji i przyjaznej dla u\u017cytkownika konstrukcji sprawia, \u017ce jest to wyr\u00f3\u017cniaj\u0105cy si\u0119 produkt na rynku, co czyni go niezb\u0119dnym dla ka\u017cdego entuzjasty waporyzacji.<\/p>\n<h2><strong>Idealny, nawet wybredny e-papieros - UWIN Crystal Twins 40000<\/strong><\/h2>\n<h3><strong>Nie chodzi tylko o e-papierosy; to tak\u017ce rodzaj skrupulatno\u015bci.<\/strong><\/h3>\n<p><a href=\"https:\/\/uwin-shop.com\/wp-content\/uploads\/2025\/05\/AA%E5%8D%95%E5%93%81%E6%B5%B7%E6%8A%A5-4.jpg\"><img loading=\"lazy\" decoding=\"async\" class=\"alignnone size-medium wp-image-1799\" src=\"https:\/\/uwin-shop.com\/wp-content\/uploads\/2025\/05\/AA%E5%8D%95%E5%93%81%E6%B5%B7%E6%8A%A5-4-400x400.jpg\" sizes=\"auto, (max-width: 400px) 100vw, 400px\" srcset=\"https:\/\/uwin-shop.com\/wp-content\/uploads\/2025\/05\/AA\u5355\u54c1\u6d77\u62a5-4-400x400.jpg 400w, https:\/\/uwin-shop.com\/wp-content\/uploads\/2025\/05\/AA\u5355\u54c1\u6d77\u62a5-4-800x800.jpg 800w, https:\/\/uwin-shop.com\/wp-content\/uploads\/2025\/05\/AA\u5355\u54c1\u6d77\u62a5-4-280x280.jpg 280w, https:\/\/uwin-shop.com\/wp-content\/uploads\/2025\/05\/AA\u5355\u54c1\u6d77\u62a5-4-768x768.jpg 768w, https:\/\/uwin-shop.com\/wp-content\/uploads\/2025\/05\/AA\u5355\u54c1\u6d77\u62a5-4-12x12.jpg 12w, https:\/\/uwin-shop.com\/wp-content\/uploads\/2025\/05\/AA\u5355\u54c1\u6d77\u62a5-4-60x60.jpg 60w, https:\/\/uwin-shop.com\/wp-content\/uploads\/2025\/05\/AA\u5355\u54c1\u6d77\u62a5-4-100x100.jpg 100w, https:\/\/uwin-shop.com\/wp-content\/uploads\/2025\/05\/AA\u5355\u54c1\u6d77\u62a5-4.jpg 1200w\" alt=\"\" width=\"400\" height=\"400\" \/><\/a><\/p>\n<p>Jako wiod\u0105cy dostawca jednorazowych vape,\u00a0<strong>uwin-vpae.com<\/strong>\u00a0oferuje\u00a0<strong>Uwin Crystal Twins 40000 Puffs<\/strong>\u00a0w konkurencyjnych cenach. Niezale\u017cnie od tego, czy chcesz zaopatrzy\u0107 swoje p\u00f3\u0142ki sklepowe, czy po prostu cieszy\u0107 si\u0119 wspania\u0142ymi wra\u017ceniami z waporyzacji, to urz\u0105dzenie jest idealnym wyborem. Nie przegap okazji, aby podnie\u015b\u0107 sw\u00f3j poziom waporyzacji. Odwied\u017a\u00a0<strong>uwin-vape.com<\/strong>\u00a0ju\u017c dzi\u015b, aby z\u0142o\u017cy\u0107 zam\u00f3wienie i pozna\u0107 pe\u0142n\u0105 gam\u0119 naszych produkt\u00f3w!<\/p>\n<\/section>","protected":false},"excerpt":{"rendered":"<p>\ud83d\udca5Discover the Uwin Crystal Twins 40000 Puffs Dual Flavor Vape \ud83c\udf00Experience Unmatched Versatility in Vaping Introducing the\u00a0Uwin Crystal Twins 40000 Puffs, a cutting-edge disposable and rechargeable dual-flavor vape. With this innovative device, you can enjoy up to\u00a040,000 puffs\u00a0of two distinct tastes, making every vaping session a delightful experience. This vape stands out with its impressive [&#8230;]","protected":false},"featured_media":538,"template":"","meta":[],"product_brand":[],"product_cat":[15,86],"product_tag":[],"class_list":{"0":"post-506","1":"product","2":"type-product","3":"status-publish","4":"has-post-thumbnail","6":"product_cat-uncategorized","7":"product_cat-uwin","9":"first","10":"instock","11":"sale","12":"shipping-taxable","13":"purchasable","14":"product-type-variable","15":"has-default-attributes"},"tiered_pricing_type":"fixed","tiered_pricing_fixed_rules":[],"tiered_pricing_product_settings":{"layout":"default","base_unit_name":{"singular":null,"plural":null},"default_variation":null},"tiered_pricing_minimum_quantity":null,"tiered_pricing_roles_data":[],"tiered_pricing_percentage_rules":[],"tiered_pricing_maximum_quantity":null,"tiered_pricing_quantity_step":null,"_links":{"self":[{"href":"https:\/\/uwin-vape.com\/pl\/wp-json\/wp\/v2\/product\/506","targetHints":{"allow":["GET"]}}],"collection":[{"href":"https:\/\/uwin-vape.com\/pl\/wp-json\/wp\/v2\/product"}],"about":[{"href":"https:\/\/uwin-vape.com\/pl\/wp-json\/wp\/v2\/types\/product"}],"wp:featuredmedia":[{"embeddable":true,"href":"https:\/\/uwin-vape.com\/pl\/wp-json\/wp\/v2\/media\/538"}],"wp:attachment":[{"href":"https:\/\/uwin-vape.com\/pl\/wp-json\/wp\/v2\/media?parent=506"}],"wp:term":[{"taxonomy":"product_brand","embeddable":true,"href":"https:\/\/uwin-vape.com\/pl\/wp-json\/wp\/v2\/product_brand?post=506"},{"taxonomy":"product_cat","embeddable":true,"href":"https:\/\/uwin-vape.com\/pl\/wp-json\/wp\/v2\/product_cat?post=506"},{"taxonomy":"product_tag","embeddable":true,"href":"https:\/\/uwin-vape.com\/pl\/wp-json\/wp\/v2\/product_tag?post=506"}],"curies":[{"name":"wp","href":"https:\/\/api.w.org\/{rel}","templated":true}]}}