{"id":506,"date":"2025-03-25T18:58:44","date_gmt":"2025-03-25T10:58:44","guid":{"rendered":"https:\/\/uwin-vape.com\/product\/uwin-crystal-twins-40000-puffs-vape-review-flavor-guide-wholesale-price-xvb9e355aaba-1083-491c-96ec-a46dac5c3b53\/"},"modified":"2025-10-21T18:51:29","modified_gmt":"2025-10-21T10:51:29","slug":"uwin-crystal-twins-40000-puffs-vape-review-flavor-guide-wholesale-price-xvb9e355aaba-1083-491c-96ec-a46dac5c3b53","status":"publish","type":"product","link":"https:\/\/uwin-vape.com\/cs\/produkt\/uwin-crystal-twins-40000-puffs-vape-review-flavor-guide-wholesale-price-xvb9e355aaba-1083-491c-96ec-a46dac5c3b53\/","title":{"rendered":"Uwin Crystal Twins 40000 Puffs"},"content":{"rendered":"<p><strong>\ud83d\udca5Objevte Uwin Crystal Twins 40000 Puffs Dual Flavor Vape<\/strong><\/p>\n<p><a href=\"https:\/\/uwin-shop.com\/wp-content\/uploads\/2025\/05\/%E7%BD%91%E7%AB%99-Banner-3.jpg\"><img loading=\"lazy\" decoding=\"async\" class=\"alignnone size-medium wp-image-1807\" src=\"https:\/\/uwin-shop.com\/wp-content\/uploads\/2025\/05\/%E7%BD%91%E7%AB%99-Banner-3-800x273.jpg\" sizes=\"auto, (max-width: 800px) 100vw, 800px\" srcset=\"https:\/\/uwin-shop.com\/wp-content\/uploads\/2025\/05\/\u7f51\u7ad9-Banner-3-800x273.jpg 800w, https:\/\/uwin-shop.com\/wp-content\/uploads\/2025\/05\/\u7f51\u7ad9-Banner-3-1400x478.jpg 1400w, https:\/\/uwin-shop.com\/wp-content\/uploads\/2025\/05\/\u7f51\u7ad9-Banner-3-768x262.jpg 768w, https:\/\/uwin-shop.com\/wp-content\/uploads\/2025\/05\/\u7f51\u7ad9-Banner-3-1536x525.jpg 1536w, https:\/\/uwin-shop.com\/wp-content\/uploads\/2025\/05\/\u7f51\u7ad9-Banner-3-2048x700.jpg 2048w, https:\/\/uwin-shop.com\/wp-content\/uploads\/2025\/05\/\u7f51\u7ad9-Banner-3-18x6.jpg 18w, https:\/\/uwin-shop.com\/wp-content\/uploads\/2025\/05\/\u7f51\u7ad9-Banner-3-60x21.jpg 60w\" alt=\"\" width=\"800\" height=\"273\" \/><\/a><\/p>\n<section class=\"relative\">\n<h2><strong>\ud83c\udf00Za\u017eijte bezkonkuren\u010dn\u00ed v\u0161estrannost vapingu<\/strong><\/h2>\n<p>P\u0159edstaven\u00ed\u00a0<strong>Uwin Crystal Twins 40000 Puffs<\/strong>, \u0161pi\u010dkov\u00fd jednor\u00e1zov\u00fd a dob\u00edjec\u00ed vape s du\u00e1ln\u00ed p\u0159\u00edchut\u00ed. S t\u00edmto inovativn\u00edm za\u0159\u00edzen\u00edm si m\u016f\u017eete vychutnat a\u017e\u00a0<strong>40 000 obl\u00e1\u010dk\u016f<\/strong>\u00a0dvou odli\u0161n\u00fdch chut\u00ed, d\u00edky nim\u017e je ka\u017ed\u00e9 vapov\u00e1n\u00ed p\u0159\u00edjemn\u00fdm z\u00e1\u017eitkem. Tato vapka vynik\u00e1 p\u016fsobiv\u00fdmi funkcemi, kter\u00e9 jsou navr\u017eeny pro pohodl\u00ed i v\u00fdkon.<\/p>\n<h2><strong>\ud83d\udd27Kl\u00ed\u010dov\u00e9 specifikace Uwin Crystal Twins<\/strong><\/h2>\n<p><a href=\"https:\/\/uwin-shop.com\/wp-content\/uploads\/2025\/05\/%E6%B5%B7%E6%8A%A5%E6%A8%AA%E5%B9%85.jpg\"><img loading=\"lazy\" decoding=\"async\" class=\"alignnone size-medium wp-image-1802\" src=\"https:\/\/uwin-shop.com\/wp-content\/uploads\/2025\/05\/%E6%B5%B7%E6%8A%A5%E6%A8%AA%E5%B9%85-800x400.jpg\" sizes=\"auto, (max-width: 800px) 100vw, 800px\" srcset=\"https:\/\/uwin-shop.com\/wp-content\/uploads\/2025\/05\/\u6d77\u62a5\u6a2a\u5e45-800x400.jpg 800w, https:\/\/uwin-shop.com\/wp-content\/uploads\/2025\/05\/\u6d77\u62a5\u6a2a\u5e45-1400x700.jpg 1400w, https:\/\/uwin-shop.com\/wp-content\/uploads\/2025\/05\/\u6d77\u62a5\u6a2a\u5e45-768x384.jpg 768w, https:\/\/uwin-shop.com\/wp-content\/uploads\/2025\/05\/\u6d77\u62a5\u6a2a\u5e45-1536x768.jpg 1536w, https:\/\/uwin-shop.com\/wp-content\/uploads\/2025\/05\/\u6d77\u62a5\u6a2a\u5e45-2048x1024.jpg 2048w, https:\/\/uwin-shop.com\/wp-content\/uploads\/2025\/05\/\u6d77\u62a5\u6a2a\u5e45-18x9.jpg 18w, https:\/\/uwin-shop.com\/wp-content\/uploads\/2025\/05\/\u6d77\u62a5\u6a2a\u5e45-60x30.jpg 60w\" alt=\"\" width=\"800\" height=\"400\" \/><\/a><\/p>\n<h3><strong>\ud83d\udee2\ufe0fHigh Kapacita e-kapaliny<\/strong><\/h3>\n<p>Uwin Crystal Twins se dod\u00e1v\u00e1 s p\u0159edpln\u011bnou n\u00e1pln\u00ed.\u00a0<strong>32 ml e-liquidu<\/strong>. Tato zna\u010dn\u00e1 kapacita v\u00e1m umo\u017en\u00ed vyu\u017e\u00edvat a\u017e\u00a0<strong>40 000 obl\u00e1\u010dk\u016f<\/strong>\u00a0bez nutnosti \u010dast\u00e9ho dopl\u0148ov\u00e1n\u00ed. M\u016f\u017eete vapovat d\u00e9le a vychutnat si v\u00edce bez p\u0159eru\u0161en\u00ed, co\u017e je ide\u00e1ln\u00ed pro ty, kte\u0159\u00ed si cht\u011bj\u00ed vychutnat sv\u016fj z\u00e1\u017eitek.<\/p>\n<h3><strong>\ud83d\udd0bV\u00fdkonn\u00e1 dob\u00edjec\u00ed baterie<\/strong><\/h3>\n<p>Vybaveno\u00a0<strong>650 mAh,<\/strong>\u00a0toto za\u0159\u00edzen\u00ed v\u00e1m zajist\u00ed dostatek energie pro del\u0161\u00ed pou\u017e\u00edv\u00e1n\u00ed. Str\u00e1nka\u00a0<strong>Nab\u00edjec\u00ed p\u0159ipojen\u00ed typu C<\/strong>\u00a0umo\u017e\u0148uje rychl\u00e9 nab\u00edjen\u00ed, tak\u017ee za\u0159\u00edzen\u00ed rychle dobijete a m\u016f\u017eete si op\u011bt u\u017e\u00edvat vapov\u00e1n\u00ed. D\u00edky t\u00e9to funkci je Uwin Crystal Twins spolehlivou volbou pro u\u017eivatele na cest\u00e1ch.<\/p>\n<h2><strong>\ud83d\udca1Z\u00e1\u017eitek s dvojitou chut\u00ed<\/strong><\/h2>\n<p><a href=\"https:\/\/uwin-shop.com\/wp-content\/uploads\/2025\/05\/%E7%BD%91%E7%AB%99-Banner-2-1.jpg\"><img loading=\"lazy\" decoding=\"async\" class=\"alignnone size-medium wp-image-1809\" src=\"https:\/\/uwin-shop.com\/wp-content\/uploads\/2025\/05\/%E7%BD%91%E7%AB%99-Banner-2-1-800x273.jpg\" sizes=\"auto, (max-width: 800px) 100vw, 800px\" srcset=\"https:\/\/uwin-shop.com\/wp-content\/uploads\/2025\/05\/\u7f51\u7ad9-Banner-2-1-800x273.jpg 800w, https:\/\/uwin-shop.com\/wp-content\/uploads\/2025\/05\/\u7f51\u7ad9-Banner-2-1-1400x478.jpg 1400w, https:\/\/uwin-shop.com\/wp-content\/uploads\/2025\/05\/\u7f51\u7ad9-Banner-2-1-768x262.jpg 768w, https:\/\/uwin-shop.com\/wp-content\/uploads\/2025\/05\/\u7f51\u7ad9-Banner-2-1-1536x525.jpg 1536w, https:\/\/uwin-shop.com\/wp-content\/uploads\/2025\/05\/\u7f51\u7ad9-Banner-2-1-2048x700.jpg 2048w, https:\/\/uwin-shop.com\/wp-content\/uploads\/2025\/05\/\u7f51\u7ad9-Banner-2-1-18x6.jpg 18w, https:\/\/uwin-shop.com\/wp-content\/uploads\/2025\/05\/\u7f51\u7ad9-Banner-2-1-60x21.jpg 60w\" alt=\"\" width=\"800\" height=\"273\" \/><\/a><\/p>\n<p>Syst\u00e9m dvou n\u00e1dr\u017eek umo\u017e\u0148uje r\u016fzn\u00e9 kombinace p\u0159\u00edchut\u00ed, co\u017e zvy\u0161uje v\u00e1\u0161 z\u00e1\u017eitek z vapingu. M\u016f\u017eete snadno p\u0159ep\u00ednat mezi dv\u011bma p\u0159\u00edchut\u011bmi a snadno tak uspokojit r\u016fzn\u00e9 chu\u0165ov\u00e9 preference. Tato v\u0161estrannost je v\u00fdznamnou v\u00fdhodou pro vapery, kte\u0159\u00ed r\u00e1di objevuj\u00ed nov\u00e9 p\u0159\u00edchut\u011b.<\/p>\n<p><strong>\ud83e\uddca\ud83c\udf53 1. Dv\u011b p\u0159\u00edchut\u011b v jednom, p\u0159ep\u00ednejte podle libosti<\/strong><br \/>\nP\u0159eru\u0161te tradi\u010dn\u00ed zku\u0161enost s jednou p\u0159\u00edchut\u00ed. Ka\u017ed\u00e1 z nich obsahuje dv\u011b nez\u00e1visl\u00e9 p\u0159\u00edchut\u011b, co\u017e umo\u017e\u0148uje snadnou v\u00fdm\u011bnu. M\u016f\u017eete si kdykoli zm\u011bnit, co chcete kou\u0159it, ani\u017e byste museli m\u00edt p\u0159i sob\u011b dv\u011b za\u0159\u00edzen\u00ed, kdy\u017e jdete ven.<\/p>\n<p>\ud83d\udc49 Jedno za\u0159\u00edzen\u00ed = pot\u011b\u0161en\u00ed ze dvou e-cigaret<\/p>\n<p><strong>\ud83c\udf08 2. Odd\u011blen\u00e1 n\u00e1dr\u017e na olej, \u010dist\u00e1 chu\u0165 bez k\u0159\u00ed\u017eov\u00e9 p\u0159\u00edchuti<\/strong><br \/>\nPou\u017e\u00edv\u00e1 dvojit\u00fd nez\u00e1visl\u00fd syst\u00e9m skladov\u00e1n\u00ed oleje, kter\u00fd zaji\u0161\u0165uje, \u017ee ka\u017ed\u00e1 chu\u0165 je prezentov\u00e1na \u010dist\u011b bez m\u00edch\u00e1n\u00ed, co\u017e zachov\u00e1v\u00e1 vysok\u00fd stupe\u0148 obnoven\u00ed a vrstven\u00ed chuti.<\/p>\n<p>\ud83d\udc49 Osv\u011b\u017euj\u00edc\u00ed ovoce na lev\u00e9 stran\u011b a ledov\u00e9 vzru\u0161en\u00ed na prav\u00e9 stran\u011b, ka\u017ed\u00e9 m\u00e1 sv\u00e9 jedine\u010dn\u00e9 kouzlo.<\/p>\n<p><strong>\ud83d\udca8 3. Mnoho kombinac\u00ed, tis\u00edce variant, kter\u00e9 nejsou stejn\u00e9<\/strong><br \/>\nKombinuj\u00ed se r\u016fzn\u00e9 obl\u00edben\u00e9 p\u0159\u00edchut\u011b, kter\u00e9 zahrnuj\u00ed popul\u00e1rn\u00ed ovocn\u00e9 p\u0159\u00edchut\u011b, jako je ovoce a funk\u010dn\u00ed n\u00e1poje, a vytv\u00e1\u0159ej\u00ed vlastn\u00ed jedine\u010dnou kombinaci dvou p\u0159\u00edchut\u00ed.<\/p>\n<p>\ud83d\udc49 Na trhu jsou k dispozici vz\u00e1cn\u00e9 kombinace chut\u00ed, kter\u00e9 spl\u0148uj\u00ed individu\u00e1ln\u00ed pot\u0159eby a p\u0159itahuj\u00ed opakovan\u00e9 z\u00e1kazn\u00edky.<\/p>\n<p><strong>\ud83d\udd0b 4. Jeden stroj, dv\u011b p\u0159\u00edchut\u011b = vy\u0161\u0161\u00ed n\u00e1kladov\u00fd v\u00fdkon<\/strong><br \/>\nJeden p\u0159\u00edstroj, dv\u011b p\u0159\u00edchut\u011b, 40 000 soust s mimo\u0159\u00e1dn\u011b dlouhou v\u00fddr\u017e\u00ed baterie, kter\u00e1 v\u00e1m umo\u017en\u00ed za\u017e\u00edt v\u00edce chu\u0165ov\u00fdch variac\u00ed za ni\u017e\u0161\u00ed cenu.<\/p>\n<p>\ud83d\udc49 Odoln\u011bj\u0161\u00ed proti tahu, levn\u011bj\u0161\u00ed a z\u00e1bavn\u011bj\u0161\u00ed<\/p>\n<h2><strong>\ud83c\udf1fVylep\u0161en\u00e1 technologie vapingu<\/strong><\/h2>\n<p><a href=\"https:\/\/uwin-shop.com\/wp-content\/uploads\/2025\/05\/AA%E5%8D%95%E5%93%81%E6%B5%B7%E6%8A%A5-3.jpg\"><img loading=\"lazy\" decoding=\"async\" class=\"alignnone size-medium wp-image-1798\" src=\"https:\/\/uwin-shop.com\/wp-content\/uploads\/2025\/05\/AA%E5%8D%95%E5%93%81%E6%B5%B7%E6%8A%A5-3-400x400.jpg\" sizes=\"auto, (max-width: 400px) 100vw, 400px\" srcset=\"https:\/\/uwin-shop.com\/wp-content\/uploads\/2025\/05\/AA\u5355\u54c1\u6d77\u62a5-3-400x400.jpg 400w, https:\/\/uwin-shop.com\/wp-content\/uploads\/2025\/05\/AA\u5355\u54c1\u6d77\u62a5-3-800x800.jpg 800w, https:\/\/uwin-shop.com\/wp-content\/uploads\/2025\/05\/AA\u5355\u54c1\u6d77\u62a5-3-280x280.jpg 280w, https:\/\/uwin-shop.com\/wp-content\/uploads\/2025\/05\/AA\u5355\u54c1\u6d77\u62a5-3-768x768.jpg 768w, https:\/\/uwin-shop.com\/wp-content\/uploads\/2025\/05\/AA\u5355\u54c1\u6d77\u62a5-3-12x12.jpg 12w, https:\/\/uwin-shop.com\/wp-content\/uploads\/2025\/05\/AA\u5355\u54c1\u6d77\u62a5-3-60x60.jpg 60w, https:\/\/uwin-shop.com\/wp-content\/uploads\/2025\/05\/AA\u5355\u54c1\u6d77\u62a5-3-100x100.jpg 100w, https:\/\/uwin-shop.com\/wp-content\/uploads\/2025\/05\/AA\u5355\u54c1\u6d77\u62a5-3.jpg 1200w\" alt=\"\" width=\"400\" height=\"400\" \/><\/a><\/p>\n<h2><strong>\u2699\ufe0fAdvanced Mesh Coil<\/strong><\/h2>\n<p>Uwin Crystal Twins je vybaven\u00a0<strong>C\u00edvka s oky 0,6\u03a9*2<\/strong>. Tato pokro\u010dil\u00e1 technologie zaru\u010duje hladk\u00fd a spolehliv\u00fd z\u00e1\u017eitek z vapov\u00e1n\u00ed p\u0159i ka\u017ed\u00e9m potahu. U\u017eijete si bohatou chu\u0165 a uspokojivou produkci p\u00e1ry, tak\u017ee je ide\u00e1ln\u00ed jak pro nov\u00e9, tak pro zku\u0161en\u00e9 vapery.<\/p>\n<h3><strong>\ud83e\uddeaNikotinov\u00e9 mo\u017enosti<\/strong><\/h3>\n<p>U\u017eivatel\u00e9 si mohou vybrat preferovanou \u00farove\u0148 nikotinu z n\u00e1sleduj\u00edc\u00edch mo\u017enost\u00ed\u00a0<strong>2%<\/strong>\u00a0a\u00a0<strong>5%<\/strong>. Tato flexibilita v\u00e1m umo\u017en\u00ed p\u0159izp\u016fsobit si vapingov\u00fd z\u00e1\u017eitek a zajist\u00ed uspokojen\u00ed bez p\u0159ehnan\u00e9 intenzity. Nastaven\u00ed \u00farovn\u011b nikotinu podle va\u0161ich p\u0159edstav zvy\u0161uje v\u00e1\u0161 celkov\u00fd po\u017eitek.<\/p>\n<p>\ud83d\udd39 2% (lehk\u00fd nikotin)<br \/>\n\u2705<strong>\u00a0Jemn\u00e9 poklep\u00e1n\u00ed na hrdlo<\/strong>, m\u011bkk\u00e9, ale ne p\u0159\u00edli\u0161 tvrd\u00e9<\/p>\n<p>\u2705 je vhodn\u00fd pro u\u017eivatele, kte\u0159\u00ed s pou\u017e\u00edv\u00e1n\u00edm e-cigaret teprve za\u010d\u00ednaj\u00ed nebo p\u0159ech\u00e1zej\u00ed na vysok\u00e9 koncentrace.<\/p>\n<p>\u2705 Vyv\u00e1\u017een\u00e1 chu\u0165 s m\u00edrn\u00fdm uspokojen\u00edm<\/p>\n<p>\ud83d\udd39 5% (vysok\u00e1 koncentrace nikotinu)<br \/>\n\u2705\u00a0<strong>Siln\u00fd pocit v krku, kter\u00fd uspokoj\u00ed siln\u00e9 ku\u0159\u00e1ky<\/strong><\/p>\n<p>\u2705 je stimuluj\u00edc\u00ed v\u00edce ne\u017e tradi\u010dn\u00ed cigarety<\/p>\n<p>\u2705 doporu\u010dujeme pro zku\u0161en\u00e9, ale za\u010d\u00e1te\u010dn\u00edci by m\u011bli pou\u017e\u00edvat s opatrnost\u00ed.<\/p>\n<p><strong>\ud83e\udde0 Tepl\u00e1 p\u0159ipom\u00ednka:<\/strong><br \/>\nVolba spr\u00e1vn\u00e9 koncentrace nikotinu je velmi d\u016fle\u017eit\u00e1: za\u010d\u00e1te\u010dn\u00edk\u016fm se doporu\u010duje za\u010d\u00edt na 2%.<\/p>\n<h2><strong>\ud83d\ude80Chytr\u00fd displej a ovl\u00e1d\u00e1n\u00ed proud\u011bn\u00ed vzduchu<\/strong><\/h2>\n<p><a href=\"https:\/\/uwin-shop.com\/wp-content\/uploads\/2025\/05\/AA%E5%8D%95%E5%93%81%E6%B5%B7%E6%8A%A5.jpg\"><img loading=\"lazy\" decoding=\"async\" class=\"alignnone size-medium wp-image-1800\" src=\"https:\/\/uwin-shop.com\/wp-content\/uploads\/2025\/05\/AA%E5%8D%95%E5%93%81%E6%B5%B7%E6%8A%A5-400x400.jpg\" sizes=\"auto, (max-width: 400px) 100vw, 400px\" srcset=\"https:\/\/uwin-shop.com\/wp-content\/uploads\/2025\/05\/AA\u5355\u54c1\u6d77\u62a5-400x400.jpg 400w, https:\/\/uwin-shop.com\/wp-content\/uploads\/2025\/05\/AA\u5355\u54c1\u6d77\u62a5-800x800.jpg 800w, https:\/\/uwin-shop.com\/wp-content\/uploads\/2025\/05\/AA\u5355\u54c1\u6d77\u62a5-280x280.jpg 280w, https:\/\/uwin-shop.com\/wp-content\/uploads\/2025\/05\/AA\u5355\u54c1\u6d77\u62a5-768x768.jpg 768w, https:\/\/uwin-shop.com\/wp-content\/uploads\/2025\/05\/AA\u5355\u54c1\u6d77\u62a5-12x12.jpg 12w, https:\/\/uwin-shop.com\/wp-content\/uploads\/2025\/05\/AA\u5355\u54c1\u6d77\u62a5-60x60.jpg 60w, https:\/\/uwin-shop.com\/wp-content\/uploads\/2025\/05\/AA\u5355\u54c1\u6d77\u62a5-100x100.jpg 100w, https:\/\/uwin-shop.com\/wp-content\/uploads\/2025\/05\/AA\u5355\u54c1\u6d77\u62a5.jpg 1200w\" alt=\"\" width=\"400\" height=\"400\" \/><\/a><\/p>\n<p><strong>\ud83d\udcf1Monitorov\u00e1n\u00ed v re\u00e1ln\u00e9m \u010dase<\/strong><\/p>\n<p>Vestav\u011bn\u00fd chytr\u00fd displej zobrazuje v\u00fddr\u017e baterie a po\u010det \u0161luk\u016f v re\u00e1ln\u00e9m \u010dase. Tato funkce v\u00e1s informuje o spot\u0159eb\u011b, tak\u017ee m\u016f\u017eete efektivn\u011b \u0159\u00eddit sv\u00e9 vapov\u00e1n\u00ed. Kdy\u017e budete v\u011bd\u011bt, kolik potah\u016f v\u00e1m je\u0161t\u011b zb\u00fdv\u00e1, pom\u016f\u017ee v\u00e1m to l\u00e9pe napl\u00e1novat den.<\/p>\n<p><strong>\ud83d\udca8Nastaviteln\u00e9 proud\u011bn\u00ed vzduchu<\/strong><\/p>\n<p>Syst\u00e9m regulace pr\u016ftoku vzduchu v\u00e1m umo\u017en\u00ed p\u0159izp\u016fsobit si vaping podle sv\u00fdch p\u0159edstav. A\u0165 u\u017e d\u00e1v\u00e1te p\u0159ednost pevn\u011bj\u0161\u00edmu potahu nebo vzdu\u0161n\u011bj\u0161\u00edmu \u0161lukov\u00e1n\u00ed, Uwin Crystal Twins se p\u0159izp\u016fsob\u00ed va\u0161im preferenc\u00edm a zajist\u00ed v\u00e1m individu\u00e1ln\u00ed z\u00e1\u017eitek.<\/p>\n<h2><strong>\ud83e\udd1d U\u017eivatelsky p\u0159\u00edv\u011btiv\u00fd design | UWIN, kter\u00fd mysl\u00ed na ka\u017ed\u00fd detail pro u\u017eivatele.<\/strong><\/h2>\n<p><a href=\"https:\/\/uwin-shop.com\/wp-content\/uploads\/2025\/05\/40K%E6%B5%B7%E6%8A%A5.jpg\"><img loading=\"lazy\" decoding=\"async\" class=\"alignnone size-medium wp-image-1795\" src=\"https:\/\/uwin-shop.com\/wp-content\/uploads\/2025\/05\/40K%E6%B5%B7%E6%8A%A5-600x400.jpg\" sizes=\"auto, (max-width: 600px) 100vw, 600px\" srcset=\"https:\/\/uwin-shop.com\/wp-content\/uploads\/2025\/05\/40K\u6d77\u62a5-600x400.jpg 600w, https:\/\/uwin-shop.com\/wp-content\/uploads\/2025\/05\/40K\u6d77\u62a5-1200x800.jpg 1200w, https:\/\/uwin-shop.com\/wp-content\/uploads\/2025\/05\/40K\u6d77\u62a5-768x512.jpg 768w, https:\/\/uwin-shop.com\/wp-content\/uploads\/2025\/05\/40K\u6d77\u62a5-1536x1024.jpg 1536w, https:\/\/uwin-shop.com\/wp-content\/uploads\/2025\/05\/40K\u6d77\u62a5-18x12.jpg 18w, https:\/\/uwin-shop.com\/wp-content\/uploads\/2025\/05\/40K\u6d77\u62a5-60x40.jpg 60w, https:\/\/uwin-shop.com\/wp-content\/uploads\/2025\/05\/40K\u6d77\u62a5-800x533.jpg 800w, https:\/\/uwin-shop.com\/wp-content\/uploads\/2025\/05\/40K\u6d77\u62a5.jpg 1800w\" alt=\"\" width=\"600\" height=\"400\" \/><\/a><\/p>\n<p>Uwin Crystal Twins 40000 se neuv\u011b\u0159iteln\u011b snadno pou\u017e\u00edv\u00e1 d\u00edky sv\u00e9\u00a0<strong>mechanismus aktivovan\u00fd tahem<\/strong>. D\u00edky t\u00e9to funkci je ide\u00e1ln\u00ed pro za\u010d\u00ednaj\u00edc\u00ed i zku\u0161en\u00e9 vapery. Za\u0159\u00edzen\u00ed se aktivuje pouh\u00fdm vdechnut\u00edm, co\u017e je intuitivn\u00ed a bezprobl\u00e9mov\u00e9.<\/p>\n<p><strong>\ud83d\udd0b Chytr\u00fd displej, informace na prvn\u00ed pohled<\/strong><br \/>\nJe vybaven inteligentn\u00ed obrazovkou LED pro zobrazen\u00ed v re\u00e1ln\u00e9m \u010dase:<\/p>\n<p>\ud83d\udd0b Kapacita baterie<\/p>\n<p>\ud83d\udca7 Zbytky e-liquidu<\/p>\n<p>Dovolte, abyste se rozlou\u010dili s\u00a0<strong>\"\u00fazkost ze slep\u00e9ho s\u00e1n\u00ed\"<\/strong>\u00a0a s klidem si dop\u0159ejte ka\u017ed\u00fd dou\u0161ek.<\/p>\n<p><strong>\ud83d\udd0c Rozhran\u00ed pro rychl\u00e9 nab\u00edjen\u00ed typu C<\/strong><br \/>\nStandardn\u011b vybaveno\u00a0<strong>Typ C<\/strong>\u00a0rozhran\u00ed, nab\u00edj\u00ed se rychleji a pohodln\u011bji. Dok\u00e1\u017ee se rychle dob\u00edt b\u011bhem 30 minut a vy m\u016f\u017eete kdykoli vyrazit bez jak\u00e9hokoli tlaku.<\/p>\n<p><strong>\ud83d\udd07 Tich\u00fd design rozpra\u0161ov\u00e1n\u00ed<\/strong><br \/>\nNov\u00e1 generace s\u00ed\u0165ov\u00e9ho j\u00e1dra a optimalizovan\u00e1 struktura proud\u011bn\u00ed vzduchu\u00a0<strong>sn\u00ed\u017een\u00ed hluku a ru\u0161en\u00ed proud\u011bn\u00ed vzduchu<\/strong>, d\u00edky \u010demu\u017e je proces kou\u0159en\u00ed ti\u0161\u0161\u00ed a pohodln\u011bj\u0161\u00ed a je vhodn\u00fd pro r\u016fzn\u00e9 sc\u00e9n\u00e1\u0159e.<\/p>\n<p><strong>\ud83e\uddca modernizace nepropustn\u00e9 konstrukce<\/strong><br \/>\nP\u0159ij\u00edm\u00e1 n\u011bkolik technologi\u00ed proti \u00faniku oleje a nez\u00e1vislou strukturu olejov\u00e9 n\u00e1dr\u017ee, \u010d\u00edm\u017e \u00fa\u010dinn\u011b zabra\u0148uje \u00faniku e-kapaliny a zvy\u0161uje tak jistotu, \u017ee\u00a0<strong>p\u0159en\u00e1\u0161et a pou\u017e\u00edvat bez starost\u00ed.<\/strong><\/p>\n<p><strong>\ud83d\udc4b Ergonomick\u00e1 rukoje\u0165<\/strong><br \/>\n\u0158ada UWIN Crystal m\u00e1 zaoblen\u00e9 rohy a lehk\u00e9 t\u011blo. Je\u00a0<strong>padne do dlan\u011b, poskytuje pohodln\u00fd \u00fachop a je vhodn\u00e1 pro mu\u017ee i \u017eeny,<\/strong>\u00a0zaji\u0161\u0165uje v\u017edy ten spr\u00e1vn\u00fd \u00fachop.<\/p>\n<h2><strong>\ud83d\udc46Pro\u010d si vybrat Uwin Crystal Twins 40000 Puffs?<\/strong><\/h2>\n<p><a href=\"https:\/\/uwin-shop.com\/wp-content\/uploads\/2025\/05\/%E7%8E%B0%E8%B4%A7%E6%B5%B7%E6%8A%A5.jpg\"><img loading=\"lazy\" decoding=\"async\" class=\"alignnone size-medium wp-image-1808\" src=\"https:\/\/uwin-shop.com\/wp-content\/uploads\/2025\/05\/%E7%8E%B0%E8%B4%A7%E6%B5%B7%E6%8A%A5-400x400.jpg\" sizes=\"auto, (max-width: 400px) 100vw, 400px\" srcset=\"https:\/\/uwin-shop.com\/wp-content\/uploads\/2025\/05\/\u73b0\u8d27\u6d77\u62a5-400x400.jpg 400w, https:\/\/uwin-shop.com\/wp-content\/uploads\/2025\/05\/\u73b0\u8d27\u6d77\u62a5-800x800.jpg 800w, https:\/\/uwin-shop.com\/wp-content\/uploads\/2025\/05\/\u73b0\u8d27\u6d77\u62a5-280x280.jpg 280w, https:\/\/uwin-shop.com\/wp-content\/uploads\/2025\/05\/\u73b0\u8d27\u6d77\u62a5-768x768.jpg 768w, https:\/\/uwin-shop.com\/wp-content\/uploads\/2025\/05\/\u73b0\u8d27\u6d77\u62a5-12x12.jpg 12w, https:\/\/uwin-shop.com\/wp-content\/uploads\/2025\/05\/\u73b0\u8d27\u6d77\u62a5-60x60.jpg 60w, https:\/\/uwin-shop.com\/wp-content\/uploads\/2025\/05\/\u73b0\u8d27\u6d77\u62a5-100x100.jpg 100w, https:\/\/uwin-shop.com\/wp-content\/uploads\/2025\/05\/\u73b0\u8d27\u6d77\u62a5.jpg 1200w\" alt=\"\" width=\"400\" height=\"400\" \/><\/a><\/p>\n<h3><strong>\ud83d\udd39Ide\u00e1ln\u00ed pro n\u00e1ro\u010dn\u00e9 vapery<\/strong><\/h3>\n<p>Toto za\u0159\u00edzen\u00ed je skv\u011blou volbou pro ty, kte\u0159\u00ed hledaj\u00ed pohodl\u00ed a v\u00fdkon. D\u00edky \u0161irok\u00e9 \u0161k\u00e1le p\u0159\u00edchut\u00ed a inovativn\u00edmu designu uspokoj\u00ed Uwin Crystal Twins preference n\u00e1ro\u010dn\u00fdch vaper\u016f a zajist\u00ed, \u017ee si ka\u017ed\u00fd najde n\u011bco, co si zamiluje.<\/p>\n<h3><strong>\ud83d\udd39Perfektn\u00ed pro velkoobchodn\u00ed p\u0159\u00edle\u017eitosti<\/strong><\/h3>\n<p>Jste-li maloobchodn\u00ed prodejce nebo distributor, Uwin Crystal Twins je skv\u011bl\u00fdm dopl\u0148kem va\u0161ich z\u00e1sob. Vysok\u00fd po\u010det puk\u016f, rozmanit\u00e9 p\u0159\u00edchut\u011b a konkurenceschopnost\u00a0<strong>cena<\/strong>\u00a0aby se stal pro z\u00e1kazn\u00edky atraktivn\u00edm produktem. Tento vape jist\u011b uspokoj\u00ed rostouc\u00ed popt\u00e1vku po vysoce kvalitn\u00edch jednor\u00e1zov\u00fdch vapech.<\/p>\n<h3><strong>\ud83d\udd39Vynikaj\u00edc\u00ed recenze a v\u00fdkony<\/strong><\/h3>\n<p>K\u0159i\u0161\u0165\u00e1lov\u00e1 dvoj\u010data Uwin z\u00edskala pozitivn\u00ed ohlasy.\u00a0<strong>recenze<\/strong>\u00a0od u\u017eivatel\u016f, kte\u0159\u00ed oce\u0148uj\u00ed jeho v\u00fdkon a v\u0161estrannost. Kombinace v\u00fdkonn\u00fdch funkc\u00ed a u\u017eivatelsky p\u0159\u00edv\u011btiv\u00e9ho designu z n\u011bj d\u011bl\u00e1 v\u00fdjime\u010dnou z\u00e1le\u017eitost na trhu, d\u00edky kter\u00e9 ho mus\u00ed m\u00edt ka\u017ed\u00fd vapingov\u00fd nad\u0161enec.<\/p>\n<h2><strong>\ud83c\udfaf Ide\u00e1ln\u00ed, dokonce i vyb\u00edrav\u00e1 e-cigareta-- UWIN Crystal Twins 40000<\/strong><\/h2>\n<h3><strong>Nejde jen o e-cigarety, ale tak\u00e9 o ur\u010dit\u00fd druh punti\u010dk\u00e1\u0159stv\u00ed.<\/strong><\/h3>\n<p><a href=\"https:\/\/uwin-shop.com\/wp-content\/uploads\/2025\/05\/AA%E5%8D%95%E5%93%81%E6%B5%B7%E6%8A%A5-4.jpg\"><img loading=\"lazy\" decoding=\"async\" class=\"alignnone size-medium wp-image-1799\" src=\"https:\/\/uwin-shop.com\/wp-content\/uploads\/2025\/05\/AA%E5%8D%95%E5%93%81%E6%B5%B7%E6%8A%A5-4-400x400.jpg\" sizes=\"auto, (max-width: 400px) 100vw, 400px\" srcset=\"https:\/\/uwin-shop.com\/wp-content\/uploads\/2025\/05\/AA\u5355\u54c1\u6d77\u62a5-4-400x400.jpg 400w, https:\/\/uwin-shop.com\/wp-content\/uploads\/2025\/05\/AA\u5355\u54c1\u6d77\u62a5-4-800x800.jpg 800w, https:\/\/uwin-shop.com\/wp-content\/uploads\/2025\/05\/AA\u5355\u54c1\u6d77\u62a5-4-280x280.jpg 280w, https:\/\/uwin-shop.com\/wp-content\/uploads\/2025\/05\/AA\u5355\u54c1\u6d77\u62a5-4-768x768.jpg 768w, https:\/\/uwin-shop.com\/wp-content\/uploads\/2025\/05\/AA\u5355\u54c1\u6d77\u62a5-4-12x12.jpg 12w, https:\/\/uwin-shop.com\/wp-content\/uploads\/2025\/05\/AA\u5355\u54c1\u6d77\u62a5-4-60x60.jpg 60w, https:\/\/uwin-shop.com\/wp-content\/uploads\/2025\/05\/AA\u5355\u54c1\u6d77\u62a5-4-100x100.jpg 100w, https:\/\/uwin-shop.com\/wp-content\/uploads\/2025\/05\/AA\u5355\u54c1\u6d77\u62a5-4.jpg 1200w\" alt=\"\" width=\"400\" height=\"400\" \/><\/a><\/p>\n<p>Jako p\u0159edn\u00ed dodavatel jednor\u00e1zov\u00fdch vapes,\u00a0<strong>uwin-vpae.com<\/strong>\u00a0nab\u00edz\u00ed\u00a0<strong>Uwin Crystal Twins 40000 Puffs<\/strong>\u00a0za konkurenceschopn\u00e9 ceny. A\u0165 u\u017e chcete z\u00e1sobit sv\u00e9 prodejn\u00ed reg\u00e1ly, nebo si jen u\u017e\u00edt skv\u011bl\u00fd vapingov\u00fd z\u00e1\u017eitek, toto za\u0159\u00edzen\u00ed je ide\u00e1ln\u00ed volbou. Nenechte si uj\u00edt p\u0159\u00edle\u017eitost pozvednout svou vapovac\u00ed hru. Nav\u0161tivte\u00a0<strong>uwin-vape.com<\/strong>\u00a0je\u0161t\u011b dnes si m\u016f\u017eete objednat a prohl\u00e9dnout si celou na\u0161i nab\u00eddku!<\/p>\n<\/section>","protected":false},"excerpt":{"rendered":"<p>\ud83d\udca5Discover the Uwin Crystal Twins 40000 Puffs Dual Flavor Vape \ud83c\udf00Experience Unmatched Versatility in Vaping Introducing the\u00a0Uwin Crystal Twins 40000 Puffs, a cutting-edge disposable and rechargeable dual-flavor vape. With this innovative device, you can enjoy up to\u00a040,000 puffs\u00a0of two distinct tastes, making every vaping session a delightful experience. This vape stands out with its impressive [&#8230;]","protected":false},"featured_media":538,"template":"","meta":[],"product_brand":[],"product_cat":[15,86],"product_tag":[],"class_list":{"0":"post-506","1":"product","2":"type-product","3":"status-publish","4":"has-post-thumbnail","6":"product_cat-uncategorized","7":"product_cat-uwin","9":"first","10":"instock","11":"sale","12":"shipping-taxable","13":"purchasable","14":"product-type-variable","15":"has-default-attributes"},"tiered_pricing_type":"fixed","tiered_pricing_fixed_rules":[],"tiered_pricing_product_settings":{"layout":"default","base_unit_name":{"singular":null,"plural":null},"default_variation":null},"tiered_pricing_minimum_quantity":null,"tiered_pricing_roles_data":[],"tiered_pricing_percentage_rules":[],"tiered_pricing_maximum_quantity":null,"tiered_pricing_quantity_step":null,"_links":{"self":[{"href":"https:\/\/uwin-vape.com\/cs\/wp-json\/wp\/v2\/product\/506","targetHints":{"allow":["GET"]}}],"collection":[{"href":"https:\/\/uwin-vape.com\/cs\/wp-json\/wp\/v2\/product"}],"about":[{"href":"https:\/\/uwin-vape.com\/cs\/wp-json\/wp\/v2\/types\/product"}],"wp:featuredmedia":[{"embeddable":true,"href":"https:\/\/uwin-vape.com\/cs\/wp-json\/wp\/v2\/media\/538"}],"wp:attachment":[{"href":"https:\/\/uwin-vape.com\/cs\/wp-json\/wp\/v2\/media?parent=506"}],"wp:term":[{"taxonomy":"product_brand","embeddable":true,"href":"https:\/\/uwin-vape.com\/cs\/wp-json\/wp\/v2\/product_brand?post=506"},{"taxonomy":"product_cat","embeddable":true,"href":"https:\/\/uwin-vape.com\/cs\/wp-json\/wp\/v2\/product_cat?post=506"},{"taxonomy":"product_tag","embeddable":true,"href":"https:\/\/uwin-vape.com\/cs\/wp-json\/wp\/v2\/product_tag?post=506"}],"curies":[{"name":"wp","href":"https:\/\/api.w.org\/{rel}","templated":true}]}}